{"id":1220,"date":"2015-02-14T08:48:06","date_gmt":"2015-02-14T06:48:06","guid":{"rendered":"http:\/\/salidziniviesnicas.lv\/blog\/lv\/?page_id=1220"},"modified":"2015-02-16T10:31:40","modified_gmt":"2015-02-16T08:31:40","slug":"noderigas-saites","status":"publish","type":"page","link":"http:\/\/salidziniviesnicas.lv\/blog\/lv\/noderigas-saites\/","title":{"rendered":"Noder\u012bgas saites"},"content":{"rendered":"<h3>Viesn\u012bcu cenu sal\u012bdzin\u0101\u0161ana<\/h3>\n<p><a rel=\"nofollow\" class=\"piwik_link\" href=\"http:\/\/salidziniviesnicas.lv\/blog\/lv\/i\/HotelsCombined_http_hotelscombined_com\/1220\/1\" target=\"_blank\"><strong>HotelsCombined &#8211; http:\/\/hotelscombined.com<\/strong><\/a><br \/>\n\u013boti popul\u0101rs viesn\u012bcu sal\u012bdzin\u0101\u0161anas r\u012bks, pla\u0161s pied\u0101v\u0101jums, garant\u0113ta zem\u0101k\u0101 cena. Pieejams ar\u012b latvie\u0161u valod\u0101.<\/p>\n<p><strong><a rel=\"nofollow\" class=\"piwik_link\" href=\"http:\/\/salidziniviesnicas.lv\/blog\/lv\/i\/Trivago_http_trivago_co_uk\/1220\/2\" target=\"_blank\">Trivago &#8211; http:\/\/trivago.co.uk<\/a><\/strong><br \/>\nMekl\u0113 un sal\u012bdzini viesn\u012bcu cenas 260\u00a0rezerv\u0113\u0161anas port\u0101los, mekl\u0113\u0161anas rezult\u0101tus ir \u0113rti filtr\u0113t, izk\u0101rtot, izveidot savu favor\u012btu sarakstu. Laba alternat\u012bva HotelsCombined mekl\u0113t\u0101jam.<\/p>\n<p><strong><a rel=\"nofollow\" class=\"piwik_link\" title=\"Wego viesn\u012bcas\" href=\"http:\/\/salidziniviesnicas.lv\/blog\/lv\/i\/Wego_http_wego_com_hotels\/1220\/3\" target=\"_blank\">Wego &#8211; http:\/\/wego.com\/hotels<\/a><\/strong><br \/>\nViesn\u012bcu agregators, apkopo pied\u0101v\u0101jumus no daudziem rezerv\u0113\u0161anas port\u0101liem.<\/p>\n<p><strong><a rel=\"nofollow\" class=\"piwik_link\" href=\"http:\/\/salidziniviesnicas.lv\/blog\/lv\/i\/TripAdvisor_http_tripadvisor_com_\/1220\/4\" target=\"_blank\">TripAdvisor &#8211; http:\/\/tripadvisor.com<br \/>\n<\/a><\/strong>Pasaul\u0113 liel\u0101kais ce\u013cot\u0101ju forums un atsauksmju vietne ar\u012b nodro\u0161ina cenu sal\u012bdzin\u0101\u0161anu, t\u0101 mekl\u0113t\u0101js nav tik \u0113rts, tom\u0113r var pal\u012bdz\u0113t atrast izdev\u012bg\u0101k\u0101s cenas.<\/p>\n<p><strong><a rel=\"nofollow\" class=\"piwik_link\" href=\"http:\/\/salidziniviesnicas.lv\/blog\/lv\/i\/Air_Fare_Watch_Dog_http_www_airfarewatchdog_com_hotels_\/1220\/5\" target=\"_blank\">Air Fare Watch Dog &#8211;\u00a0http:\/\/www.airfarewatchdog.com\/hotels<br \/>\n<\/a><\/strong>Viesn\u012bcu mekl\u0113t\u0101js, sal\u012bdzina cenas da\u017e\u0101dos port\u0101los, priek\u0161roc\u012bba &#8211; papildus v\u0113rt\u0113jums no TripAdvisor, mekl\u0113\u0161anas filtri uzlabo izdev\u012bg\u0101k\u0101 pied\u0101v\u0101juma atra\u0161anu.<\/p>\n<h3>Hoste\u013ci, bud\u017eeta viesn\u012bcas<\/h3>\n<p><strong><a rel=\"nofollow\" class=\"piwik_link\" title=\"HostelBookers\" href=\"http:\/\/salidziniviesnicas.lv\/blog\/lv\/i\/HostelBookers_http_hostelbookers_com\/1220\/6\" target=\"_blank\">HostelBookers &#8211; http:\/\/hostelbookers.com<\/a><\/strong><br \/>\nPasaul\u0113 popul\u0101r\u0101k\u0101 lapa hoste\u013cu, l\u0113to viesn\u012bcu rezerv\u0113\u0161anai. Taj\u0101 var atrast ar\u012b izdev\u012bg\u0101kas cenas viesn\u012bc\u0101m, apartamentiem.<\/p>\n<h3>Apartamenti, dz\u012bvok\u013ci<\/h3>\n<p><a rel=\"nofollow\" class=\"piwik_link\" title=\"Wimdu\" href=\"http:\/\/salidziniviesnicas.lv\/blog\/lv\/i\/Wimdu_http_www_wimdu_co_uk\/1220\/7\" target=\"_blank\"><strong>Wimdu &#8211; http:\/\/www.wimdu.co.uk<\/strong><\/a><br \/>\napartamentu rezerv\u0113\u0161ana vis\u0101 pasaul\u0113, \u0113rta mekl\u0113\u0161anas iesp\u0113ja, j\u0101lasa atsauksmes, uzziniet vair\u0101k &#8211;\u00a0<a title=\"Wimdu: apartamentu rezerv\u0113\u0161ana vis\u0101 pasaul\u0113\" href=\"http:\/\/salidziniviesnicas.lv\/blog\/lv\/wimdu-apartamentu-rezervesana-visa-pasaule\/\" target=\"_blank\">raksts par Wimdu<\/a><\/p>\n<p><strong><a rel=\"nofollow\" class=\"piwik_link\" href=\"http:\/\/salidziniviesnicas.lv\/blog\/lv\/i\/Airbnb_http_www_airbnb_com_\/1220\/9\" target=\"_blank\">Airbnb &#8211; http:\/\/www.airbnb.com<br \/>\n<\/a><\/strong>Popul\u0101rs apartamentu mekl\u0113\u0161anas r\u012bks, alternat\u012bva <a rel=\"nofollow\" class=\"piwik_link\" title=\"wimdu\" href=\"http:\/\/salidziniviesnicas.lv\/blog\/lv\/i\/Wimdu\/1220\/10\" target=\"_blank\">Wimdu<\/a>.<\/p>\n<p><strong><a rel=\"nofollow\" class=\"piwik_link\" href=\"http:\/\/salidziniviesnicas.lv\/blog\/lv\/i\/Roomorama_http_roomorama_com_\/1220\/11\" target=\"_blank\">Roomorama &#8211; http:\/\/roomorama.com<br \/>\n<\/a><\/strong>uzzin\u0101t vair\u0101k par \u0161o apartamentu mekl\u0113\u0161anas port\u0101lu var las\u012bt atsevi\u0161\u0137\u0101 <a title=\"Roomorama: apartamentu rezerv\u0113\u0161ana vis\u0101 pasaul\u0113\" href=\"http:\/\/salidziniviesnicas.lv\/blog\/lv\/roomorama-apartamentu-rezervesana-visa-pasaule\/\" target=\"_blank\">bloga rakst\u0101<\/a><\/p>\n<p><strong><a rel=\"nofollow\" class=\"piwik_link\" href=\"http:\/\/salidziniviesnicas.lv\/blog\/lv\/i\/Vrbo_http_vrbo_com\/1220\/13\" target=\"_blank\">Vrbo &#8211; http:\/\/vrbo.com<\/a><\/strong><\/p>\n<p><a rel=\"nofollow\" class=\"piwik_link\" href=\"http:\/\/salidziniviesnicas.lv\/blog\/lv\/i\/Apartum_http_www_apartum_com\/1220\/14\" target=\"_blank\"><strong>Apartum &#8211; http:\/\/www.apartum.com<\/strong><\/a><br \/>\nApartamentu mekl\u0113t\u0101js vair\u0101kos port\u0101los<\/p>\n<h3>Popul\u0101r\u0101kie rezerv\u0113\u0161anas port\u0101li<\/h3>\n<p><strong><a rel=\"nofollow\" class=\"piwik_link\" href=\"http:\/\/salidziniviesnicas.lv\/blog\/lv\/i\/Booking_com_\/1220\/15\" target=\"_blank\">Booking.com<br \/>\n<\/a><\/strong>Booking rezerv\u0113\u0161anas port\u0101ls ir neap\u0161aub\u0101ms l\u012bderis viesn\u012bcu rezerv\u0113\u0161anai, tas pied\u0101v\u0101 pla\u0161u naktsm\u0101ju kl\u0101stu, viesu atsauksmes, izdev\u012bgus rezerv\u0113\u0161anas nosac\u012bjumus.<\/p>\n<p><a rel=\"nofollow\" class=\"piwik_link\" href=\"http:\/\/salidziniviesnicas.lv\/blog\/lv\/i\/Expedia_http_expedia_com\/1220\/16\" target=\"_blank\"><strong>Expedia &#8211; http:\/\/expedia.com<\/strong><\/a><br \/>\nViesn\u012bcas, lidojumi, \u012bpa\u0161ie pied\u0101v\u0101jumi.<\/p>\n<p><strong><a rel=\"nofollow\" class=\"piwik_link\" href=\"http:\/\/salidziniviesnicas.lv\/blog\/lv\/i\/Hotels_com_http_www_hotels_com\/1220\/17\" target=\"_blank\">Hotels.com &#8211; http:\/\/www.hotels.com<\/a><\/strong><\/p>\n<p><a rel=\"nofollow\" class=\"piwik_link\" href=\"http:\/\/salidziniviesnicas.lv\/blog\/lv\/i\/Opodo_http_opodo_com\/1220\/18\" target=\"_blank\"><strong>Opodo &#8211; http:\/\/opodo.com<\/strong><\/a><br \/>\nLidojumu, viesn\u012bcu, auto nomas, kru\u012bzu un \u012bpa\u0161o pied\u0101v\u0101jumu mekl\u0113t\u0101js.<\/p>\n<p><strong><a rel=\"nofollow\" class=\"piwik_link\" title=\"Easy to book rezerv\u0113\u0161anas port\u0101ls\" href=\"http:\/\/salidziniviesnicas.lv\/blog\/lv\/i\/Easy_To_Book_http_easytobook_com\/1220\/19\" target=\"_blank\">Easy To Book &#8211; http:\/\/easytobook.com<\/a><\/strong><\/p>\n<h3>L\u0113to lidojumu un zemo cenu aviokomp\u0101niju mekl\u0113t\u0101ji<\/h3>\n<p><strong><a rel=\"nofollow\" class=\"piwik_link\" href=\"http:\/\/salidziniviesnicas.lv\/blog\/lv\/i\/Azair_http_azair_com_\/1220\/20\" target=\"_blank\">Azair &#8211; http:\/\/azair.com<br \/>\n<\/a><\/strong>Mekl\u0113 un kombin\u0113 savienotos reisus ar Ryanair, Easyjet un cit\u0101m aviokomp\u0101nij\u0101m, uzzini vair\u0101k atsevi\u0161\u0137\u0101 <a title=\"AZair l\u0113to lidojumu mekl\u0113t\u0101js \u2013 SkyScanner alternat\u012bva\" href=\"http:\/\/salidziniviesnicas.lv\/blog\/lv\/azair-leto-lidojumu-mekletajs-skyscanner-alternativa\/\" target=\"_blank\">bloga rakst\u0101 par Azair<\/a>.<\/p>\n<p><strong><a rel=\"nofollow\" class=\"piwik_link\" href=\"http:\/\/salidziniviesnicas.lv\/blog\/lv\/i\/Airixo_http_airixo_com\/1220\/22\" target=\"_blank\">Airixo &#8211; http:\/\/airixo.com<\/a><br \/>\n<\/strong>Lidojumu mekl\u0113t\u0101js, \u013coti \u0113rta mekl\u0113\u0161ana, \u0101tri var atrast da\u017e\u0101dus pied\u0101v\u0101jumus.<\/p>\n<p><strong><a rel=\"nofollow\" class=\"piwik_link\" href=\"http:\/\/salidziniviesnicas.lv\/blog\/lv\/i\/Skypicker_http_skypicker_com_\/1220\/23\" target=\"_blank\">Skypicker &#8211; http:\/\/skypicker.com<br \/>\n<\/a><\/strong>\u0112rts mekl\u0113t\u0101js, nodro\u0161ina savienoto reisu apdro\u0161in\u0101\u0161anu &#8211; ja nokav\u0113 n\u0101kamo reisu, vi\u0146i p\u0113rk n\u0101kamo iesp\u0113jamo lidojumu vai atdod naudu.<\/p>\n<p><strong><a rel=\"nofollow\" class=\"piwik_link\" href=\"http:\/\/salidziniviesnicas.lv\/blog\/lv\/i\/Skyscanner_http_skyscanner_net\/1220\/24\" target=\"_blank\">Skyscanner &#8211; http:\/\/skyscanner.net<\/a><\/strong><\/p>\n<p><strong><a rel=\"nofollow\" class=\"piwik_link\" href=\"http:\/\/salidziniviesnicas.lv\/blog\/lv\/i\/Dohop_http_dohop_com\/1220\/25\" target=\"_blank\">Dohop &#8211; http:\/\/dohop.com<\/a><\/strong><\/p>\n<h3>Aviobi\u013ce\u0161u mekl\u0113t\u0101ji<\/h3>\n<p><strong><a rel=\"nofollow\" class=\"piwik_link\" href=\"http:\/\/salidziniviesnicas.lv\/blog\/lv\/i\/Matrix_http_matrix_itasoftware_com_\/1220\/26\" target=\"_blank\">Matrix &#8211;\u00a0http:\/\/matrix.itasoftware.com\/<br \/>\n<\/a><\/strong>Jaud\u012bgs lidojumu mekl\u0113t\u0101js, raksts par <a title=\"Matrix \u2013 aviobi\u013ce\u0161u mekl\u0113t\u0101js\" href=\"http:\/\/salidziniviesnicas.lv\/blog\/lv\/matrix-aviobilesu-mekletajs\/\" target=\"_blank\">Matrix mekl\u0113t\u0101ja izmanto\u0161anu<\/a>.<\/p>\n<p><strong><a rel=\"nofollow\" class=\"piwik_link\" href=\"http:\/\/salidziniviesnicas.lv\/blog\/lv\/i\/Google_Flights_http_google_com_flights\/1220\/28\" target=\"_blank\">Google Flights &#8211; http:\/\/google.com\/flights<\/a><\/strong><\/p>\n<p><a rel=\"nofollow\" class=\"piwik_link\" href=\"http:\/\/salidziniviesnicas.lv\/blog\/lv\/i\/Booking_buddy_http_www_bookingbuddy_co_uk_\/1220\/29\" target=\"_blank\"><strong>Booking buddy &#8211; http:\/\/www.bookingbuddy.co.uk\/<\/strong><\/a><\/p>\n<p><strong><a rel=\"nofollow\" class=\"piwik_link\" title=\"Tie\u0161ie lidojumi no R\u012bgas\" href=\"http:\/\/salidziniviesnicas.lv\/blog\/lv\/i\/Tie_ie_lidojumi_no_R_gas_\/1220\/30\" target=\"_blank\">Tie\u0161ie lidojumi no R\u012bgas<br \/>\n<\/a><\/strong>noder\u0113s mekl\u0113jot galam\u0113r\u0137us no R\u012bgas un t\u0101l\u0101kus savienojumus<\/p>\n<p><strong><a rel=\"nofollow\" class=\"piwik_link\" href=\"http:\/\/salidziniviesnicas.lv\/blog\/lv\/i\/Air_Fare_Watch_Dog_http_airfarewatchdog_com\/1220\/31\" target=\"_blank\">Air Fare Watch Dog &#8211; http:\/\/airfarewatchdog.com<\/a><\/strong><br \/>\nLidojumu mekl\u0113t\u0101js<\/p>\n<h3>Autobusi, vilcieni<\/h3>\n<p><a rel=\"nofollow\" class=\"piwik_link\" href=\"http:\/\/salidziniviesnicas.lv\/blog\/lv\/i\/LuxExpress_http_luxexpress_eu_\/1220\/32\" target=\"_blank\"><strong>LuxExpress &#8211; http:\/\/luxexpress.eu<br \/>\n<\/strong><\/a><strong><a rel=\"nofollow\" class=\"piwik_link\" href=\"http:\/\/salidziniviesnicas.lv\/blog\/lv\/i\/Megabus_Lielbrit_nija_http_megabus_co_uk\/1220\/33\" target=\"_blank\">Megabus (Lielbrit\u0101nija)\u00a0 &#8211; http:\/\/megabus.co.uk<\/a><\/strong><br \/>\nNoder\u012bgs mekl\u0113t\u0101js Megabus l\u0113t\u0101ko bi\u013ce\u0161u mekl\u0113\u0161anai: <a rel=\"nofollow\" class=\"piwik_link\" href=\"http:\/\/salidziniviesnicas.lv\/blog\/lv\/i\/http_uk_megabus_calendar_net_\/1220\/34\" target=\"_blank\">http:\/\/uk.megabus-calendar.net\/<\/a><\/p>\n","protected":false},"excerpt":{"rendered":"<p>Viesn\u012bcu cenu sal\u012bdzin\u0101\u0161ana HotelsCombined &#8211; http:\/\/hotelscombined.com \u013boti popul\u0101rs viesn\u012bcu sal\u012bdzin\u0101\u0161anas r\u012bks, pla\u0161s pied\u0101v\u0101jums, garant\u0113ta zem\u0101k\u0101 cena. Pieejams ar\u012b latvie\u0161u valod\u0101. Trivago &#8211; http:\/\/trivago.co.uk Mekl\u0113 un sal\u012bdzini viesn\u012bcu cenas 260\u00a0rezerv\u0113\u0161anas port\u0101los, mekl\u0113\u0161anas rezult\u0101tus ir \u0113rti filtr\u0113t, izk\u0101rtot, izveidot savu favor\u012btu sarakstu. Laba alternat\u012bva HotelsCombined mekl\u0113t\u0101jam. Wego &#8211; http:\/\/wego.com\/hotels Viesn\u012bcu agregators, apkopo pied\u0101v\u0101jumus no daudziem rezerv\u0113\u0161anas port\u0101liem. [&hellip;]<\/p>\n","protected":false},"author":1,"featured_media":0,"parent":0,"menu_order":0,"comment_status":"closed","ping_status":"closed","template":"","meta":[],"yoast_head":"<!-- This site is optimized with the Yoast SEO plugin v16.2 - https:\/\/yoast.com\/wordpress\/plugins\/seo\/ -->\n<meta name=\"robots\" content=\"index, follow, max-snippet:-1, max-image-preview:large, max-video-preview:-1\" \/>\n<link rel=\"canonical\" href=\"http:\/\/salidziniviesnicas.lv\/blog\/lv\/noderigas-saites\/\" \/>\n<meta property=\"og:locale\" content=\"en_US\" \/>\n<meta property=\"og:type\" content=\"article\" \/>\n<meta property=\"og:title\" content=\"Noder\u012bgas saites | Sal\u012bdzini viesn\u012bcas\" \/>\n<meta property=\"og:description\" content=\"Viesn\u012bcu cenu sal\u012bdzin\u0101\u0161ana HotelsCombined &#8211; http:\/\/hotelscombined.com \u013boti popul\u0101rs viesn\u012bcu sal\u012bdzin\u0101\u0161anas r\u012bks, pla\u0161s pied\u0101v\u0101jums, garant\u0113ta zem\u0101k\u0101 cena. Pieejams ar\u012b latvie\u0161u valod\u0101. Trivago &#8211; http:\/\/trivago.co.uk Mekl\u0113 un sal\u012bdzini viesn\u012bcu cenas 260\u00a0rezerv\u0113\u0161anas port\u0101los, mekl\u0113\u0161anas rezult\u0101tus ir \u0113rti filtr\u0113t, izk\u0101rtot, izveidot savu favor\u012btu sarakstu. Laba alternat\u012bva HotelsCombined mekl\u0113t\u0101jam. Wego &#8211; http:\/\/wego.com\/hotels Viesn\u012bcu agregators, apkopo pied\u0101v\u0101jumus no daudziem rezerv\u0113\u0161anas port\u0101liem. [&hellip;]\" \/>\n<meta property=\"og:url\" content=\"http:\/\/salidziniviesnicas.lv\/blog\/lv\/noderigas-saites\/\" \/>\n<meta property=\"og:site_name\" content=\"Sal\u012bdzini viesn\u012bcas\" \/>\n<meta property=\"article:publisher\" content=\"https:\/\/www.facebook.com\/salidziniviesnicas\/\" \/>\n<meta property=\"article:modified_time\" content=\"2015-02-16T08:31:40+00:00\" \/>\n<meta name=\"twitter:card\" content=\"summary\" \/>\n<meta name=\"twitter:site\" content=\"@celotajiem\" \/>\n<meta name=\"twitter:label1\" content=\"Est. reading time\">\n\t<meta name=\"twitter:data1\" content=\"3 minutes\">\n<script type=\"application\/ld+json\" class=\"yoast-schema-graph\">{\"@context\":\"https:\/\/schema.org\",\"@graph\":[{\"@type\":\"Organization\",\"@id\":\"http:\/\/salidziniviesnicas.lv\/blog\/lv\/#organization\",\"name\":\"Sal\\u012bdzini viesn\\u012bcas\",\"url\":\"http:\/\/salidziniviesnicas.lv\/blog\/lv\/\",\"sameAs\":[\"https:\/\/www.facebook.com\/salidziniviesnicas\/\",\"https:\/\/twitter.com\/celotajiem\"],\"logo\":{\"@type\":\"ImageObject\",\"@id\":\"http:\/\/salidziniviesnicas.lv\/blog\/lv\/#logo\",\"inLanguage\":\"en-US\",\"url\":\"http:\/\/salidziniviesnicas.lv\/blog\/lv\/wp-content\/uploads\/2014\/09\/logo1.png\",\"contentUrl\":\"http:\/\/salidziniviesnicas.lv\/blog\/lv\/wp-content\/uploads\/2014\/09\/logo1.png\",\"width\":287,\"height\":44,\"caption\":\"Sal\\u012bdzini viesn\\u012bcas\"},\"image\":{\"@id\":\"http:\/\/salidziniviesnicas.lv\/blog\/lv\/#logo\"}},{\"@type\":\"WebSite\",\"@id\":\"http:\/\/salidziniviesnicas.lv\/blog\/lv\/#website\",\"url\":\"http:\/\/salidziniviesnicas.lv\/blog\/lv\/\",\"name\":\"Sal\\u012bdzini viesn\\u012bcas\",\"description\":\"praktiska inform\\u0101cija ce\\u013cot\\u0101jiem\",\"publisher\":{\"@id\":\"http:\/\/salidziniviesnicas.lv\/blog\/lv\/#organization\"},\"potentialAction\":[{\"@type\":\"SearchAction\",\"target\":\"http:\/\/salidziniviesnicas.lv\/blog\/lv\/?s={search_term_string}\",\"query-input\":\"required name=search_term_string\"}],\"inLanguage\":\"en-US\"},{\"@type\":\"WebPage\",\"@id\":\"http:\/\/salidziniviesnicas.lv\/blog\/lv\/noderigas-saites\/#webpage\",\"url\":\"http:\/\/salidziniviesnicas.lv\/blog\/lv\/noderigas-saites\/\",\"name\":\"Noder\\u012bgas saites | Sal\\u012bdzini viesn\\u012bcas\",\"isPartOf\":{\"@id\":\"http:\/\/salidziniviesnicas.lv\/blog\/lv\/#website\"},\"datePublished\":\"2015-02-14T06:48:06+00:00\",\"dateModified\":\"2015-02-16T08:31:40+00:00\",\"breadcrumb\":{\"@id\":\"http:\/\/salidziniviesnicas.lv\/blog\/lv\/noderigas-saites\/#breadcrumb\"},\"inLanguage\":\"en-US\",\"potentialAction\":[{\"@type\":\"ReadAction\",\"target\":[\"http:\/\/salidziniviesnicas.lv\/blog\/lv\/noderigas-saites\/\"]}]},{\"@type\":\"BreadcrumbList\",\"@id\":\"http:\/\/salidziniviesnicas.lv\/blog\/lv\/noderigas-saites\/#breadcrumb\",\"itemListElement\":[{\"@type\":\"ListItem\",\"position\":1,\"item\":{\"@type\":\"WebPage\",\"@id\":\"http:\/\/salidziniviesnicas.lv\/blog\/lv\/\",\"url\":\"http:\/\/salidziniviesnicas.lv\/blog\/lv\/\",\"name\":\"Home\"}},{\"@type\":\"ListItem\",\"position\":2,\"item\":{\"@id\":\"http:\/\/salidziniviesnicas.lv\/blog\/lv\/noderigas-saites\/#webpage\"}}]}]}<\/script>\n<!-- \/ Yoast SEO plugin. -->","_links":{"self":[{"href":"http:\/\/salidziniviesnicas.lv\/blog\/lv\/wp-json\/wp\/v2\/pages\/1220"}],"collection":[{"href":"http:\/\/salidziniviesnicas.lv\/blog\/lv\/wp-json\/wp\/v2\/pages"}],"about":[{"href":"http:\/\/salidziniviesnicas.lv\/blog\/lv\/wp-json\/wp\/v2\/types\/page"}],"author":[{"embeddable":true,"href":"http:\/\/salidziniviesnicas.lv\/blog\/lv\/wp-json\/wp\/v2\/users\/1"}],"replies":[{"embeddable":true,"href":"http:\/\/salidziniviesnicas.lv\/blog\/lv\/wp-json\/wp\/v2\/comments?post=1220"}],"version-history":[{"count":12,"href":"http:\/\/salidziniviesnicas.lv\/blog\/lv\/wp-json\/wp\/v2\/pages\/1220\/revisions"}],"predecessor-version":[{"id":1250,"href":"http:\/\/salidziniviesnicas.lv\/blog\/lv\/wp-json\/wp\/v2\/pages\/1220\/revisions\/1250"}],"wp:attachment":[{"href":"http:\/\/salidziniviesnicas.lv\/blog\/lv\/wp-json\/wp\/v2\/media?parent=1220"}],"curies":[{"name":"wp","href":"https:\/\/api.w.org\/{rel}","templated":true}]}}